{"id":1285,"date":"2025-01-31T21:03:04","date_gmt":"2025-01-31T20:03:04","guid":{"rendered":"https:\/\/www.blackseven.at\/?page_id=1285"},"modified":"2026-03-20T21:16:23","modified_gmt":"2026-03-20T20:16:23","slug":"oesbv-newsletter","status":"publish","type":"page","link":"https:\/\/www.blackseven.at\/?page_id=1285","title":{"rendered":"\u00d6SBV-Newsletter"},"content":{"rendered":"\n<p>Hier findet ihr immer die aktuellen (und die bisherigen) Newsletter des <a href=\"https:\/\/www.austriansnooker.at\/\" target=\"_blank\" rel=\"noreferrer noopener\">\u00d6SBV<\/a> (\u00d6sterreichischer Snooker- &amp; BilliardsVerband), in welchen immer aktuelle Sachen verk\u00fcndet \/ ver\u00f6ffentlicht werden. Es stehen immer wieder interessante Sachen drin (u.a. auch in der Rubrik: &#8222;One for the Road&#8220;).<\/p>\n\n\n\n<p><a href=\"https:\/\/www.blackseven.at\/wp-content\/25_2_Newsletter_Oesbv.pdf\" target=\"_blank\" rel=\"noreferrer noopener\">\u00d6SBV-Newsletter 2025-02<\/a> <br><a href=\"https:\/\/www.blackseven.at\/wp-content\/25_1_Newsletter_Oesbv.pdf\" target=\"_blank\" rel=\"noreferrer noopener\">\u00d6SBV-Newsletter 2025-01<\/a><br><a href=\"https:\/\/www.blackseven.at\/wp-content\/24_5_Newsletter_Oesbv.pdf\" target=\"_blank\" rel=\"noreferrer noopener\">\u00d6SBV-Newsletter 2024-05<\/a><br><a href=\"https:\/\/www.blackseven.at\/wp-content\/24_4_Newsletter_Oesbv.pdf\" target=\"_blank\" rel=\"noreferrer noopener\">\u00d6SBV-Newsletter 2024-04<\/a><br><a href=\"https:\/\/www.blackseven.at\/wp-content\/24_3_Newsletter_Oesbv.pdf\" target=\"_blank\" rel=\"noreferrer noopener\">\u00d6SBV-Newsletter 2024-03<\/a><br><a href=\"https:\/\/www.blackseven.at\/wp-content\/24_2_Newsletter_Oesbv.pdf\" target=\"_blank\" rel=\"noreferrer noopener\">\u00d6SBV-Newsletter 2024-02<\/a><br><a href=\"https:\/\/www.blackseven.at\/wp-content\/24_1_Newsletter_Oesbv.pdf\" target=\"_blank\" rel=\"noreferrer noopener\">\u00d6SBV-Newsletter 2024-01<\/a><br><a href=\"https:\/\/www.blackseven.at\/wp-content\/23_12_Newsletter_Oesbv.pdf\" target=\"_blank\" rel=\"noreferrer noopener\">\u00d6SBV-Newsletter 2023-01<\/a><\/p>\n\n\n\n<div class=\"wp-block-columns is-layout-flex wp-container-core-columns-is-layout-9d6595d7 wp-block-columns-is-layout-flex\">\n<div class=\"wp-block-column is-layout-flow wp-block-column-is-layout-flow\" style=\"flex-basis:100%\">\n<div class=\"wp-block-file\"><object class=\"wp-block-file__embed\" data=\"https:\/\/www.austriansnooker.at\/wp-content\/uploads\/2026\/03\/26_OeSBVShootOut_Ausschreibung_V2.pdf\" type=\"application\/pdf\" style=\"width:100%;height:700px\" aria-label=\"PDF embed\"><\/object><\/div>\n<\/div>\n<\/div>\n\n\n\n<p><\/p>\n","protected":false},"excerpt":{"rendered":"<p>Hier findet ihr immer die aktuellen (und die bisherigen) Newsletter des \u00d6SBV (\u00d6sterreichischer Snooker- &amp; BilliardsVerband), in welchen immer aktuelle Sachen verk\u00fcndet \/ ver\u00f6ffentlicht werden. Es stehen immer wieder interessante Sachen drin (u.a. auch in der Rubrik: &#8222;One for the Road&#8220;). \u00d6SBV-Newsletter 2025-02 \u00d6SBV-Newsletter 2025-01\u00d6SBV-Newsletter 2024-05\u00d6SBV-Newsletter 2024-04\u00d6SBV-Newsletter 2024-03\u00d6SBV-Newsletter 2024-02\u00d6SBV-Newsletter 2024-01\u00d6SBV-Newsletter <a class=\"more-link\" href=\"https:\/\/www.blackseven.at\/?page_id=1285\">&#8230; weiterlesen&#8230;<\/a><\/p>\n","protected":false},"author":2,"featured_media":1287,"parent":0,"menu_order":0,"comment_status":"closed","ping_status":"closed","template":"","meta":{"footnotes":""},"class_list":["post-1285","page","type-page","status-publish","has-post-thumbnail","hentry"],"jetpack_sharing_enabled":true,"_links":{"self":[{"href":"https:\/\/www.blackseven.at\/index.php?rest_route=\/wp\/v2\/pages\/1285","targetHints":{"allow":["GET"]}}],"collection":[{"href":"https:\/\/www.blackseven.at\/index.php?rest_route=\/wp\/v2\/pages"}],"about":[{"href":"https:\/\/www.blackseven.at\/index.php?rest_route=\/wp\/v2\/types\/page"}],"author":[{"embeddable":true,"href":"https:\/\/www.blackseven.at\/index.php?rest_route=\/wp\/v2\/users\/2"}],"replies":[{"embeddable":true,"href":"https:\/\/www.blackseven.at\/index.php?rest_route=%2Fwp%2Fv2%2Fcomments&post=1285"}],"version-history":[{"count":18,"href":"https:\/\/www.blackseven.at\/index.php?rest_route=\/wp\/v2\/pages\/1285\/revisions"}],"predecessor-version":[{"id":1627,"href":"https:\/\/www.blackseven.at\/index.php?rest_route=\/wp\/v2\/pages\/1285\/revisions\/1627"}],"wp:featuredmedia":[{"embeddable":true,"href":"https:\/\/www.blackseven.at\/index.php?rest_route=\/wp\/v2\/media\/1287"}],"wp:attachment":[{"href":"https:\/\/www.blackseven.at\/index.php?rest_route=%2Fwp%2Fv2%2Fmedia&parent=1285"}],"curies":[{"name":"wp","href":"https:\/\/api.w.org\/{rel}","templated":true}]}}