{"id":1313,"date":"2025-02-07T19:57:18","date_gmt":"2025-02-07T18:57:18","guid":{"rendered":"https:\/\/www.blackseven.at\/?page_id=1313"},"modified":"2025-02-07T19:59:02","modified_gmt":"2025-02-07T18:59:02","slug":"saison-2024","status":"publish","type":"page","link":"https:\/\/www.blackseven.at\/?page_id=1313","title":{"rendered":"Saison 2024"},"content":{"rendered":"\n<h2 class=\"wp-block-heading\"><strong>Mannschaftsliga 2024<\/strong><\/h2>\n\n\n\n<iframe loading=\"lazy\" src=\"https:\/\/wl48www17.webland.ch\/impl\/rangliste_impl_svv_mannschaft.asp?t_id=843\" scrolling=\"yes\" width=\"1000\" height=\"320\" frameborder=\"0\"><\/iframe>\n\n\n\n<h2 class=\"wp-block-heading\"><strong>Einzelrangliste ASL&nbsp;(\u00d6SBV)<\/strong><\/h2>\n\n\n\n<p>Die aktuelle Einzelrangsliste des \u00d6SBV (\u00d6sterreichischer Snooker und Billardsverband) findet ihr jeweils auf der Homepage des \u00d6SBV: <a aria-label=\" (\u00f6ffnet in neuem Tab)\" rel=\"noreferrer noopener\" href=\"http:\/\/www.austriansnooker.at\/ranglisten\/\" target=\"_blank\">http:\/\/www.austriansnooker.at\/ranglisten<\/a> <\/p>\n\n\n\n<h2 class=\"wp-block-heading\"><strong>Einzelrangliste Vlbg.&nbsp;(SVV)<\/strong><\/h2>\n\n\n\n<iframe loading=\"lazy\" src=\"https:\/\/wl48www17.webland.ch\/impl\/rangliste_impl_svv.asp?opt=2024\" scrolling=\"yes\" width=\"100%\" height=\"1400\" frameborder=\"0\">&lt;span class=&#8221;mce_SELRES_start&#8221; style=&#8221;width: 0px; line-height: 0; overflow: hidden; display: inline-block;&#8221; data-mce-type=&#8221;bookmark&#8221;&gt;\ufeff&lt;\/span&gt;<\/iframe>\n","protected":false},"excerpt":{"rendered":"<p>Mannschaftsliga 2024 Einzelrangliste ASL&nbsp;(\u00d6SBV) Die aktuelle Einzelrangsliste des \u00d6SBV (\u00d6sterreichischer Snooker und Billardsverband) findet ihr jeweils auf der Homepage des \u00d6SBV: http:\/\/www.austriansnooker.at\/ranglisten Einzelrangliste Vlbg.&nbsp;(SVV) &lt;span class=&#8221;mce_SELRES_start&#8221; style=&#8221;width: 0px; line-height: 0; overflow: hidden; display: inline-block;&#8221; data-mce-type=&#8221;bookmark&#8221;&gt;\ufeff&lt;\/span&gt;<\/p>\n","protected":false},"author":2,"featured_media":0,"parent":0,"menu_order":0,"comment_status":"closed","ping_status":"closed","template":"","meta":{"footnotes":""},"class_list":["post-1313","page","type-page","status-publish","hentry"],"jetpack_sharing_enabled":true,"_links":{"self":[{"href":"https:\/\/www.blackseven.at\/index.php?rest_route=\/wp\/v2\/pages\/1313","targetHints":{"allow":["GET"]}}],"collection":[{"href":"https:\/\/www.blackseven.at\/index.php?rest_route=\/wp\/v2\/pages"}],"about":[{"href":"https:\/\/www.blackseven.at\/index.php?rest_route=\/wp\/v2\/types\/page"}],"author":[{"embeddable":true,"href":"https:\/\/www.blackseven.at\/index.php?rest_route=\/wp\/v2\/users\/2"}],"replies":[{"embeddable":true,"href":"https:\/\/www.blackseven.at\/index.php?rest_route=%2Fwp%2Fv2%2Fcomments&post=1313"}],"version-history":[{"count":3,"href":"https:\/\/www.blackseven.at\/index.php?rest_route=\/wp\/v2\/pages\/1313\/revisions"}],"predecessor-version":[{"id":1316,"href":"https:\/\/www.blackseven.at\/index.php?rest_route=\/wp\/v2\/pages\/1313\/revisions\/1316"}],"wp:attachment":[{"href":"https:\/\/www.blackseven.at\/index.php?rest_route=%2Fwp%2Fv2%2Fmedia&parent=1313"}],"curies":[{"name":"wp","href":"https:\/\/api.w.org\/{rel}","templated":true}]}}