{"id":153,"date":"2019-02-05T13:35:51","date_gmt":"2019-02-05T12:35:51","guid":{"rendered":"http:\/\/www.blackseven.at\/?page_id=153"},"modified":"2025-02-07T20:02:48","modified_gmt":"2025-02-07T19:02:48","slug":"hall-of-frame","status":"publish","type":"page","link":"https:\/\/www.blackseven.at\/?page_id=153","title":{"rendered":"Hall of F(r)ame"},"content":{"rendered":"\n<p>Um auch sp\u00e4ter einmal auf l\u00e4ngst vergangene Veranstaltungen und Turniererfolge zur\u00fcckblicken zu k\u00f6nnen, haben wir f\u00fcr euch ein \u201ckleines\u201d Archiv &#8211; die \u201cHall of F(r)ame\u201d &#8211; eingerichtet. <\/p>\n\n\n\n<p>Egal, ob Austrian Snooker League (ASL), Snooker Verband Vorarlberg (SVV), oder noch fr\u00fcher: Vorarlberger Billiard Verband \/ Sektion Snooker (VBV) oder sonstige Open-Turniere bzw. sonstige Veranstaltungen. Hier findet ihr diverse Sachen, rund um unseren Club.<\/p>\n\n\n\n<p>Unsere Clubmitglieder mischen ja \u00fcberall mit und so sammelt sich au\u00dfer den Troph\u00e4en (hoffentlich) und Fotos, auch etliches an Berichten an.<\/p>\n\n\n\n<p>Viel Spa\u00df beim st\u00f6bern!!!<\/p>\n\n\n\n<figure class=\"wp-block-image size-large\"><img loading=\"lazy\" decoding=\"async\" width=\"1024\" height=\"341\" src=\"https:\/\/www.blackseven.at\/wp-content\/HallOfFrame-NEU-1024x341.jpg\" alt=\"\" class=\"wp-image-858\" srcset=\"https:\/\/www.blackseven.at\/wp-content\/HallOfFrame-NEU-1024x341.jpg 1024w, https:\/\/www.blackseven.at\/wp-content\/HallOfFrame-NEU-300x100.jpg 300w, https:\/\/www.blackseven.at\/wp-content\/HallOfFrame-NEU-768x256.jpg 768w, https:\/\/www.blackseven.at\/wp-content\/HallOfFrame-NEU.jpg 1200w\" sizes=\"auto, (max-width: 1024px) 100vw, 1024px\" \/><figcaption class=\"wp-element-caption\">v.l.n.r. Walter Breuss, Karl-Heinz Sonderegger, Robert Leierer<\/figcaption><\/figure>\n\n\n\n<div class=\"wp-block-buttons is-layout-flex wp-block-buttons-is-layout-flex\">\n<div class=\"wp-block-button is-style-fill\"><a class=\"wp-block-button__link wp-element-button\" href=\"https:\/\/www.blackseven.at\/?page_id=348\">Clubmeisterschaften<\/a><\/div>\n\n\n\n<div class=\"wp-block-button is-style-fill\"><a class=\"wp-block-button__link wp-element-button\" href=\"https:\/\/www.blackseven.at\/?page_id=365\">Landesmeisterschaften<\/a><\/div>\n<\/div>\n\n\n\n<p><\/p>\n\n\n\n<div class=\"wp-block-buttons is-layout-flex wp-block-buttons-is-layout-flex\">\n<div class=\"wp-block-button\"><a class=\"wp-block-button__link wp-element-button\" href=\"https:\/\/www.blackseven.at\/?page_id=1313\">Saison 2024<\/a><\/div>\n\n\n\n<div class=\"wp-block-button\"><a class=\"wp-block-button__link wp-element-button\" href=\"https:\/\/www.blackseven.at\/?page_id=1034\">Saison 2023<\/a><\/div>\n\n\n\n<div class=\"wp-block-button\"><a class=\"wp-block-button__link wp-element-button\" href=\"https:\/\/www.blackseven.at\/?page_id=968\">Saison 2022<\/a><\/div>\n\n\n\n<div class=\"wp-block-button\"><a class=\"wp-block-button__link wp-element-button\" href=\"https:\/\/www.blackseven.at\/?page_id=909\">Saison 2020<\/a><\/div>\n\n\n\n<div class=\"wp-block-button\"><a class=\"wp-block-button__link wp-element-button\" href=\"https:\/\/www.blackseven.at\/?page_id=582\">Saison 2019<\/a><\/div>\n\n\n\n<div class=\"wp-block-button\"><a class=\"wp-block-button__link wp-element-button\" href=\"https:\/\/www.blackseven.at\/?page_id=395\">Saison 2018<\/a><\/div>\n<\/div>\n\n\n\n<p><\/p>\n","protected":false},"excerpt":{"rendered":"<p>Um auch sp\u00e4ter einmal auf l\u00e4ngst vergangene Veranstaltungen und Turniererfolge zur\u00fcckblicken zu k\u00f6nnen, haben wir f\u00fcr euch ein \u201ckleines\u201d Archiv &#8211; die \u201cHall of F(r)ame\u201d &#8211; eingerichtet. Egal, ob Austrian Snooker League (ASL), Snooker Verband Vorarlberg (SVV), oder noch fr\u00fcher: Vorarlberger Billiard Verband \/ Sektion Snooker (VBV) oder sonstige Open-Turniere <a class=\"more-link\" href=\"https:\/\/www.blackseven.at\/?page_id=153\">&#8230; weiterlesen&#8230;<\/a><\/p>\n","protected":false},"author":2,"featured_media":858,"parent":0,"menu_order":0,"comment_status":"closed","ping_status":"closed","template":"","meta":{"footnotes":""},"class_list":["post-153","page","type-page","status-publish","has-post-thumbnail","hentry"],"jetpack_sharing_enabled":true,"_links":{"self":[{"href":"https:\/\/www.blackseven.at\/index.php?rest_route=\/wp\/v2\/pages\/153","targetHints":{"allow":["GET"]}}],"collection":[{"href":"https:\/\/www.blackseven.at\/index.php?rest_route=\/wp\/v2\/pages"}],"about":[{"href":"https:\/\/www.blackseven.at\/index.php?rest_route=\/wp\/v2\/types\/page"}],"author":[{"embeddable":true,"href":"https:\/\/www.blackseven.at\/index.php?rest_route=\/wp\/v2\/users\/2"}],"replies":[{"embeddable":true,"href":"https:\/\/www.blackseven.at\/index.php?rest_route=%2Fwp%2Fv2%2Fcomments&post=153"}],"version-history":[{"count":11,"href":"https:\/\/www.blackseven.at\/index.php?rest_route=\/wp\/v2\/pages\/153\/revisions"}],"predecessor-version":[{"id":1321,"href":"https:\/\/www.blackseven.at\/index.php?rest_route=\/wp\/v2\/pages\/153\/revisions\/1321"}],"wp:featuredmedia":[{"embeddable":true,"href":"https:\/\/www.blackseven.at\/index.php?rest_route=\/wp\/v2\/media\/858"}],"wp:attachment":[{"href":"https:\/\/www.blackseven.at\/index.php?rest_route=%2Fwp%2Fv2%2Fmedia&parent=153"}],"curies":[{"name":"wp","href":"https:\/\/api.w.org\/{rel}","templated":true}]}}