{"id":43,"date":"2019-02-05T08:41:31","date_gmt":"2019-02-05T07:41:31","guid":{"rendered":"http:\/\/www.blackseven.at\/?page_id=43"},"modified":"2025-08-21T10:00:05","modified_gmt":"2025-08-21T09:00:05","slug":"der-club","status":"publish","type":"page","link":"https:\/\/www.blackseven.at\/?page_id=43","title":{"rendered":"Der Club"},"content":{"rendered":"\n<p>Gegr\u00fcndet wurde unser Club bereits im Juni 1993, so dass wir 2023 bereits unser 30-j\u00e4hriges Jubil\u00e4um feiern konnten.  Derzeit sind wir 15 aktive Mitglieder.<\/p>\n\n\n\n<p>Der erste Landesmeister in Vorarlberg hie\u00df Karlheinz Sonderegger und ist auch Mitglied in unserem Club. <\/p>\n\n\n\n<p>Der &#8222;Black Seven Snooker Club Rankweil&#8220; ist ordentliches Mitglied des <a aria-label=\"\u00d6sterreichischen Snooker- und Billardverbandes (\u00d6SBV) (\u00f6ffnet in neuem Tab)\" href=\"https:\/\/www.austriansnooker.at\" target=\"_blank\" rel=\"noreferrer noopener\">\u00d6sterreichischen Snooker- und Billardverbandes (\u00d6SBV)<\/a> sowie des <a aria-label=\"Snooker Verband Vorarlberg (SVV) (\u00f6ffnet in neuem Tab)\" href=\"https:\/\/www.snooker-vorarlberg.at\" target=\"_blank\" rel=\"noreferrer noopener\">Snooker Verband Vorarlberg (SVV)<\/a>.<\/p>\n\n\n\n<p>Unsere Mitglieder z\u00e4hlen zu den erfolgreichsten Snooker-Sportlern in Vorarlberg. Hier ist auch zu erw\u00e4hnen, dass <strong>Arno Wild<\/strong> der \u00f6sterreichische Snooker Staatsmeister 2012 bei den Masters war und <strong>Angelika Neyer<\/strong> sich 2001 den Titel als \u00f6sterreichische Snooker Staatsmeisterin holte.<\/p>\n\n\n\n<p>Wir veranstalteten bis inkl. 2019 j\u00e4hrlich das 3 Kings Snooker Open, welches das zweitgr\u00f6\u00dfte Snookerturnier in \u00d6sterreich ist. <\/p>\n\n\n\n<p>Wir treffen uns jeweils am Mittwoch Abend zum gemeinsamen Clubabend, und sind gesellschaftlich wie sportlich sehr aktiv.<\/p>\n\n\n\n<p>Weitere Infos bzgl. Trainingsm\u00f6glichkeiten, Mitgliedsbeitr\u00e4ge, \u2026 findet ihr <a href=\"https:\/\/www.blackseven.at\/?page_id=53\">&gt;&gt;&gt; HIER &lt;&lt;&lt;.<\/a><\/p>\n","protected":false},"excerpt":{"rendered":"<p>Gegr\u00fcndet wurde unser Club bereits im Juni 1993, so dass wir 2023 bereits unser 30-j\u00e4hriges Jubil\u00e4um feiern konnten. Derzeit sind wir 15 aktive Mitglieder. Der erste Landesmeister in Vorarlberg hie\u00df Karlheinz Sonderegger und ist auch Mitglied in unserem Club. Der &#8222;Black Seven Snooker Club Rankweil&#8220; ist ordentliches Mitglied des \u00d6sterreichischen <a class=\"more-link\" href=\"https:\/\/www.blackseven.at\/?page_id=43\">&#8230; weiterlesen&#8230;<\/a><\/p>\n","protected":false},"author":2,"featured_media":44,"parent":0,"menu_order":0,"comment_status":"closed","ping_status":"closed","template":"","meta":{"footnotes":""},"class_list":["post-43","page","type-page","status-publish","has-post-thumbnail","hentry"],"jetpack_sharing_enabled":true,"_links":{"self":[{"href":"https:\/\/www.blackseven.at\/index.php?rest_route=\/wp\/v2\/pages\/43","targetHints":{"allow":["GET"]}}],"collection":[{"href":"https:\/\/www.blackseven.at\/index.php?rest_route=\/wp\/v2\/pages"}],"about":[{"href":"https:\/\/www.blackseven.at\/index.php?rest_route=\/wp\/v2\/types\/page"}],"author":[{"embeddable":true,"href":"https:\/\/www.blackseven.at\/index.php?rest_route=\/wp\/v2\/users\/2"}],"replies":[{"embeddable":true,"href":"https:\/\/www.blackseven.at\/index.php?rest_route=%2Fwp%2Fv2%2Fcomments&post=43"}],"version-history":[{"count":5,"href":"https:\/\/www.blackseven.at\/index.php?rest_route=\/wp\/v2\/pages\/43\/revisions"}],"predecessor-version":[{"id":1483,"href":"https:\/\/www.blackseven.at\/index.php?rest_route=\/wp\/v2\/pages\/43\/revisions\/1483"}],"wp:featuredmedia":[{"embeddable":true,"href":"https:\/\/www.blackseven.at\/index.php?rest_route=\/wp\/v2\/media\/44"}],"wp:attachment":[{"href":"https:\/\/www.blackseven.at\/index.php?rest_route=%2Fwp%2Fv2%2Fmedia&parent=43"}],"curies":[{"name":"wp","href":"https:\/\/api.w.org\/{rel}","templated":true}]}}