{"id":49,"date":"2019-02-05T08:51:23","date_gmt":"2019-02-05T07:51:23","guid":{"rendered":"http:\/\/www.blackseven.at\/?page_id=49"},"modified":"2025-12-09T14:27:36","modified_gmt":"2025-12-09T13:27:36","slug":"spielstaette","status":"publish","type":"page","link":"https:\/\/www.blackseven.at\/?page_id=49","title":{"rendered":"Spielst\u00e4tte"},"content":{"rendered":"\n<p>Um Snooker aus\u00fcben zu k\u00f6nnen, braucht man Tische. Dass diese nicht im Freien stehen sollten, ist soweit klar. Da nicht jeder von uns eine derart gro\u00dfe Halle besitzt, ist es notwendig, sich eine Lokalit\u00e4t zu suchen, in welchem wir solche Tische aufstellen k\u00f6nnen, und auch noch ein tolles Ambiente schaffen zu k\u00f6nnen. Dies ist uns unserer Meinung nach sehr toll gelungen.<\/p>\n\n\n\n<p>Deshalb trifft sich unser Club im Gasthaus &#8222;Sonne&#8220;, Stiegstrasse 6, A-6830 Rankweil.<\/p>\n\n\n\n<p><a href=\"https:\/\/www.blackseven.at\/?p=1473\">>> zum Umbauvideo &lt;&lt;<\/a><\/p>\n\n\n\n<p><iframe src=\"https:\/\/www.google.com\/maps\/embed?pb=!1m18!1m12!1m3!1d2707.1096684713034!2d9.6456005770097!3d47.273110671161206!2m3!1f0!2f0!3f0!3m2!1i1024!2i768!4f13.1!3m3!1m2!1s0x479b38d163877e9b%3A0x972732ae8ac9a76!2sStiegstra%C3%9Fe%206%2C%206830%20Rankweil!5e0!3m2!1sde!2sat!4v1755759536385!5m2!1sde!2sat\" width=\"600\" height=\"450\" style=\"border:0;\" allowfullscreen=\"\" loading=\"lazy\" referrerpolicy=\"no-referrer-when-downgrade\"><\/iframe><\/p>\n\n\n\n<p><\/p>\n","protected":false},"excerpt":{"rendered":"<p>Um Snooker aus\u00fcben zu k\u00f6nnen, braucht man Tische. Dass diese nicht im Freien stehen sollten, ist soweit klar. Da nicht jeder von uns eine derart gro\u00dfe Halle besitzt, ist es notwendig, sich eine Lokalit\u00e4t zu suchen, in welchem wir solche Tische aufstellen k\u00f6nnen, und auch noch ein tolles Ambiente schaffen <a class=\"more-link\" href=\"https:\/\/www.blackseven.at\/?page_id=49\">&#8230; weiterlesen&#8230;<\/a><\/p>\n","protected":false},"author":2,"featured_media":1470,"parent":0,"menu_order":0,"comment_status":"closed","ping_status":"closed","template":"","meta":{"footnotes":""},"class_list":["post-49","page","type-page","status-publish","has-post-thumbnail","hentry"],"jetpack_sharing_enabled":true,"_links":{"self":[{"href":"https:\/\/www.blackseven.at\/index.php?rest_route=\/wp\/v2\/pages\/49","targetHints":{"allow":["GET"]}}],"collection":[{"href":"https:\/\/www.blackseven.at\/index.php?rest_route=\/wp\/v2\/pages"}],"about":[{"href":"https:\/\/www.blackseven.at\/index.php?rest_route=\/wp\/v2\/types\/page"}],"author":[{"embeddable":true,"href":"https:\/\/www.blackseven.at\/index.php?rest_route=\/wp\/v2\/users\/2"}],"replies":[{"embeddable":true,"href":"https:\/\/www.blackseven.at\/index.php?rest_route=%2Fwp%2Fv2%2Fcomments&post=49"}],"version-history":[{"count":11,"href":"https:\/\/www.blackseven.at\/index.php?rest_route=\/wp\/v2\/pages\/49\/revisions"}],"predecessor-version":[{"id":1559,"href":"https:\/\/www.blackseven.at\/index.php?rest_route=\/wp\/v2\/pages\/49\/revisions\/1559"}],"wp:featuredmedia":[{"embeddable":true,"href":"https:\/\/www.blackseven.at\/index.php?rest_route=\/wp\/v2\/media\/1470"}],"wp:attachment":[{"href":"https:\/\/www.blackseven.at\/index.php?rest_route=%2Fwp%2Fv2%2Fmedia&parent=49"}],"curies":[{"name":"wp","href":"https:\/\/api.w.org\/{rel}","templated":true}]}}