{"id":53,"date":"2019-02-05T09:32:06","date_gmt":"2019-02-05T08:32:06","guid":{"rendered":"http:\/\/www.blackseven.at\/?page_id=53"},"modified":"2025-08-21T10:01:02","modified_gmt":"2025-08-21T09:01:02","slug":"mitgliedschaft","status":"publish","type":"page","link":"https:\/\/www.blackseven.at\/?page_id=53","title":{"rendered":"Mitgliedschaft"},"content":{"rendered":"\n<figure class=\"wp-block-image\"><img loading=\"lazy\" decoding=\"async\" width=\"295\" height=\"226\" src=\"https:\/\/www.blackseven.at\/wp-content\/Mitgliedwerden.png\" alt=\"\" class=\"wp-image-54\"\/><\/figure>\n\n\n\n<p><strong>Werde Mitglied beim &#8222;Black Seven Snooker Club Rankweil&#8220;<\/strong><\/p>\n\n\n\n<p><strong>Clubabend:<\/strong> Wir treffen uns immer Mittwochs Abend (ausgenommen Feiertag)<\/p>\n\n\n\n<p><span style=\"text-decoration: underline;\">Im Mitgliedsbeitrag inkludierte Leistungen:<\/span><\/p>\n\n\n\n<p>Mal abgesehen von den netten Clubkolleg:innen und dem wirklich tollen Ambiente des neu gestalteten Clublokals bekommst du als Mitglied Zutritt zu den Clubr\u00e4umlichkeiten. Hier gibt es jedoch einen Unterschied bzgl. Zutrittszeiten f\u00fcr Aktive bzw. Passiven Mitgliedern.<br><br>Die Ligaspiele f\u00fcr die teilnehmenden Mannschaftsliga-Spieler:innen sind kostenlos.<br>Unsere Mitglieder k\u00f6nnen an allen Veranstaltungen des Vereins (Clubmeisterschaft, \u2026), sowie in der Vorarlberger Snooker Mannschaftsliga des <a aria-label=\"Snooker Verband Vorarlberg (\u00f6ffnet in neuem Tab)\" href=\"https:\/\/www.snooker-vorarlberg.at\" target=\"_blank\" rel=\"noreferrer noopener\">Snooker Verband Vorarlberg<\/a> (SVV) teilnehmen. Weiters sind unsere Clubmitglieder &#8211; welche eine Jahreslizenz haben oder zus\u00e4tzlich l\u00f6sen &#8211; auch berechtigt, an Turnieren der Austrian Snooker League (ASL) des <a aria-label=\" (\u00f6ffnet in neuem Tab)\" href=\"http:\/\/www.austriansnooker.at\/\" target=\"_blank\" rel=\"noreferrer noopener\">\u00d6sterreichischen Snooker- und Billiardsverband<\/a> (\u00d6SBV) teilzunehmen.<\/p>\n\n\n\n<p>Die Mitgliedschaft und die Beitr\u00e4ge\/Geb\u00fchren (g\u00fcltig ab 01.09.2025):<\/p>\n\n\n\n<table id=\"tablepress-2\" class=\"tablepress tablepress-id-2\">\n<thead>\n<tr class=\"row-1\">\n\t<th class=\"column-1\"><strong>Art der Mitgliedschaft:<\/strong><\/th><th class=\"column-2\"><strong>Betrag:<\/strong><\/th><th class=\"column-3\"><strong>Zusatzinformation:<\/strong><\/th>\n<\/tr>\n<\/thead>\n<tbody class=\"row-striping row-hover\">\n<tr class=\"row-2\">\n\t<td class=\"column-1\"><strong>Aktive<br> Mitgliedschaft:<\/strong><\/td><td class=\"column-2\"><strong>EUR 50,00<br> pro Monat<\/strong><\/td><td class=\"column-3\">SVV Lizenz inkludiert<\/td>\n<\/tr>\n<tr class=\"row-3\">\n\t<td class=\"column-1\"><strong>Passive<br>Mitgliedschaft:<\/strong><\/td><td class=\"column-2\"><strong>EUR 300,00<br>pro Jahr<\/strong><\/td><td class=\"column-3\">SVV Lizenz inkludiert<\/td>\n<\/tr>\n<tr class=\"row-4\">\n\t<td class=\"column-1\"><strong>Turnier-\/<br>Jahreslizenzen:<\/strong><\/td><td class=\"column-2\"><strong>EUR 35,00<br>pro Jahr<\/strong><\/td><td class=\"column-3\"><strong>Gesamt<\/strong><\/td>\n<\/tr>\n<tr class=\"row-5\">\n\t<td class=\"column-1\"><\/td><td class=\"column-2\"><em>EUR 25,00<br>pro Jahr<\/em><\/td><td class=\"column-3\"><em><strong>\u00d6SBV-Lizenz<\/strong><br \/>\n(von jedem Mitglied bei der ersten Teilnahme<br \/>\nan einem \u00d6SBV-Turnier selbst zu entrichten)<\/em><\/td>\n<\/tr>\n<tr class=\"row-6\">\n\t<td class=\"column-1\"><\/td><td class=\"column-2\"><em>EUR 10,00<br>pro Jahr<\/em><\/td><td class=\"column-3\"><em><strong>SVV-Lizenz<\/strong><br \/>\n(f\u00fcr Mannschaftsliga-Spieler, Ersatzspieler, sowie f\u00fcr<br \/>\nTeilnehmer eines SVV-Turnieres bzgl. Einzelrangliste)<\/em><\/td>\n<\/tr>\n<\/tbody>\n<\/table>\n<!-- #tablepress-2 from cache -->\n\n\n\n<p class=\"has-text-color\" style=\"color:#ff0004\"><strong>Interesse geweckt oder sonst noch irgendwelche Fragen?<\/strong><\/p>\n\n\n\n<p>Dann melde dich doch einfach bei einem unserer Vorstandsmitglieder (<a href=\"https:\/\/www.blackseven.at\/?page_id=46\">&gt;&gt; Vorstand \/ Team &lt;&lt;<\/a>).<\/p>\n\n\n\n<p>Stand: 21.08.2025<\/p>\n","protected":false},"excerpt":{"rendered":"<p>Werde Mitglied beim &#8222;Black Seven Snooker Club Rankweil&#8220; Clubabend: Wir treffen uns immer Mittwochs Abend (ausgenommen Feiertag) Im Mitgliedsbeitrag inkludierte Leistungen: Mal abgesehen von den netten Clubkolleg:innen und dem wirklich tollen Ambiente des neu gestalteten Clublokals bekommst du als Mitglied Zutritt zu den Clubr\u00e4umlichkeiten. Hier gibt es jedoch einen Unterschied <a class=\"more-link\" href=\"https:\/\/www.blackseven.at\/?page_id=53\">&#8230; weiterlesen&#8230;<\/a><\/p>\n","protected":false},"author":2,"featured_media":54,"parent":0,"menu_order":0,"comment_status":"closed","ping_status":"closed","template":"","meta":{"footnotes":""},"class_list":["post-53","page","type-page","status-publish","has-post-thumbnail","hentry"],"jetpack_sharing_enabled":true,"_links":{"self":[{"href":"https:\/\/www.blackseven.at\/index.php?rest_route=\/wp\/v2\/pages\/53","targetHints":{"allow":["GET"]}}],"collection":[{"href":"https:\/\/www.blackseven.at\/index.php?rest_route=\/wp\/v2\/pages"}],"about":[{"href":"https:\/\/www.blackseven.at\/index.php?rest_route=\/wp\/v2\/types\/page"}],"author":[{"embeddable":true,"href":"https:\/\/www.blackseven.at\/index.php?rest_route=\/wp\/v2\/users\/2"}],"replies":[{"embeddable":true,"href":"https:\/\/www.blackseven.at\/index.php?rest_route=%2Fwp%2Fv2%2Fcomments&post=53"}],"version-history":[{"count":26,"href":"https:\/\/www.blackseven.at\/index.php?rest_route=\/wp\/v2\/pages\/53\/revisions"}],"predecessor-version":[{"id":1484,"href":"https:\/\/www.blackseven.at\/index.php?rest_route=\/wp\/v2\/pages\/53\/revisions\/1484"}],"wp:featuredmedia":[{"embeddable":true,"href":"https:\/\/www.blackseven.at\/index.php?rest_route=\/wp\/v2\/media\/54"}],"wp:attachment":[{"href":"https:\/\/www.blackseven.at\/index.php?rest_route=%2Fwp%2Fv2%2Fmedia&parent=53"}],"curies":[{"name":"wp","href":"https:\/\/api.w.org\/{rel}","templated":true}]}}