{"id":72,"date":"2019-03-12T10:19:00","date_gmt":"2019-03-12T09:19:00","guid":{"rendered":"http:\/\/www.blackseven.at\/?page_id=72"},"modified":"2026-02-19T20:57:01","modified_gmt":"2026-02-19T19:57:01","slug":"einzelrangliste-vlbg","status":"publish","type":"page","link":"https:\/\/www.blackseven.at\/?page_id=72","title":{"rendered":"Einzelranglisten"},"content":{"rendered":"\n<h2 class=\"wp-block-heading\"><strong>Einzelrangliste ASL&nbsp;(\u00d6SBV)<\/strong><\/h2>\n\n\n\n<p>Die aktuelle Einzelrangsliste des \u00d6SBV (\u00d6sterreichischer Snooker und Billardsverband) findet ihr jeweils auf der Homepage des \u00d6SBV: <a aria-label=\" (\u00f6ffnet in neuem Tab)\" rel=\"noreferrer noopener\" href=\"http:\/\/www.austriansnooker.at\/ranglisten\/\" target=\"_blank\">http:\/\/www.austriansnooker.at\/ranglisten<\/a> <\/p>\n\n\n\n<h2 class=\"wp-block-heading\"><strong>Einzelrangliste Vlbg.&nbsp;(SVV)<\/strong><\/h2>\n\n\n\n<iframe loading=\"lazy\" src=\"https:\/\/wl48www17.webland.ch\/impl\/rangliste_impl_svv.asp?opt=2026\" scrolling=\"yes\" width=\"100%\" height=\"1400\" frameborder=\"0\">&lt;span class=&#8221;mce_SELRES_start&#8221; style=&#8221;width: 0px; line-height: 0; overflow: hidden; display: inline-block;&#8221; data-mce-type=&#8221;bookmark&#8221;&gt;\ufeff&lt;\/span&gt;<\/iframe>\n","protected":false},"excerpt":{"rendered":"<p>Einzelrangliste ASL&nbsp;(\u00d6SBV) Die aktuelle Einzelrangsliste des \u00d6SBV (\u00d6sterreichischer Snooker und Billardsverband) findet ihr jeweils auf der Homepage des \u00d6SBV: http:\/\/www.austriansnooker.at\/ranglisten Einzelrangliste Vlbg.&nbsp;(SVV) &lt;span class=&#8221;mce_SELRES_start&#8221; style=&#8221;width: 0px; line-height: 0; overflow: hidden; display: inline-block;&#8221; data-mce-type=&#8221;bookmark&#8221;&gt;\ufeff&lt;\/span&gt;<\/p>\n","protected":false},"author":2,"featured_media":0,"parent":0,"menu_order":0,"comment_status":"closed","ping_status":"closed","template":"","meta":{"footnotes":""},"class_list":["post-72","page","type-page","status-publish","hentry"],"jetpack_sharing_enabled":true,"_links":{"self":[{"href":"https:\/\/www.blackseven.at\/index.php?rest_route=\/wp\/v2\/pages\/72","targetHints":{"allow":["GET"]}}],"collection":[{"href":"https:\/\/www.blackseven.at\/index.php?rest_route=\/wp\/v2\/pages"}],"about":[{"href":"https:\/\/www.blackseven.at\/index.php?rest_route=\/wp\/v2\/types\/page"}],"author":[{"embeddable":true,"href":"https:\/\/www.blackseven.at\/index.php?rest_route=\/wp\/v2\/users\/2"}],"replies":[{"embeddable":true,"href":"https:\/\/www.blackseven.at\/index.php?rest_route=%2Fwp%2Fv2%2Fcomments&post=72"}],"version-history":[{"count":27,"href":"https:\/\/www.blackseven.at\/index.php?rest_route=\/wp\/v2\/pages\/72\/revisions"}],"predecessor-version":[{"id":1605,"href":"https:\/\/www.blackseven.at\/index.php?rest_route=\/wp\/v2\/pages\/72\/revisions\/1605"}],"wp:attachment":[{"href":"https:\/\/www.blackseven.at\/index.php?rest_route=%2Fwp%2Fv2%2Fmedia&parent=72"}],"curies":[{"name":"wp","href":"https:\/\/api.w.org\/{rel}","templated":true}]}}